{"id":9095,"date":"2024-02-27T13:15:25","date_gmt":"2024-02-27T13:15:25","guid":{"rendered":"https:\/\/dev.code-evolution.ro\/teraglass\/produs\/sticla-laminata-antiefractie\/"},"modified":"2024-03-12T15:20:39","modified_gmt":"2024-03-12T15:20:39","slug":"verbundglas-farb-sicherheits-und-geraeuschkontrolle","status":"publish","type":"product","link":"https:\/\/www.teraglass.ro\/de\/produkt\/verbundglas-farb-sicherheits-und-geraeuschkontrolle\/","title":{"rendered":"Verbundglas &#8211; Farb-, Sicherheits- und Ger\u00e4uschkontrolle"},"content":{"rendered":"","protected":false},"excerpt":{"rendered":"<div class=\"desc1\">\n<div class=\"single_product_page\">\n<div class=\"container\">\n<div class=\"pageProduct_section2\">\n<p>Bestehend aus zwei oder mehr Glasscheiben, die durch die Verwendung einer oder mehrerer Kunststoff &#8211; Innenschichten verbunden sind, auf die W\u00e4rme und Druck aufgebracht wurden, gleichzeitig jedoch in einer breiten Farbpalette mit unterschiedlichen Eigenschaften und St\u00e4rken perfekt auf die Sicherheitsleistung gegen Diebstahl abgestimmt ihre Schallisolationsleistung, reduziert das Unfallrisiko (erlaubt nicht das Abl\u00f6sen von Splittern bei einem Bruch). Dar\u00fcber hinaus bietet dieses Glas die beste Schalld\u00e4mmung im Vergleich zu anderen Glasarten.)<\/p>\n<\/div>\n<\/div>\n<\/div>\n<\/div>\n","protected":false},"featured_media":7543,"comment_status":"closed","ping_status":"closed","template":"","meta":[],"product_brand":[],"product_cat":[432,430],"product_tag":[],"class_list":{"0":"post-9095","1":"product","2":"type-product","3":"status-publish","4":"has-post-thumbnail","6":"product_cat-arten-von-glas","7":"product_cat-glas","9":"first","10":"instock","11":"shipping-taxable","12":"product-type-simple"},"_links":{"self":[{"href":"https:\/\/www.teraglass.ro\/de\/wp-json\/wp\/v2\/product\/9095","targetHints":{"allow":["GET"]}}],"collection":[{"href":"https:\/\/www.teraglass.ro\/de\/wp-json\/wp\/v2\/product"}],"about":[{"href":"https:\/\/www.teraglass.ro\/de\/wp-json\/wp\/v2\/types\/product"}],"replies":[{"embeddable":true,"href":"https:\/\/www.teraglass.ro\/de\/wp-json\/wp\/v2\/comments?post=9095"}],"version-history":[{"count":2,"href":"https:\/\/www.teraglass.ro\/de\/wp-json\/wp\/v2\/product\/9095\/revisions"}],"predecessor-version":[{"id":9104,"href":"https:\/\/www.teraglass.ro\/de\/wp-json\/wp\/v2\/product\/9095\/revisions\/9104"}],"wp:featuredmedia":[{"embeddable":true,"href":"https:\/\/www.teraglass.ro\/de\/wp-json\/wp\/v2\/media\/7543"}],"wp:attachment":[{"href":"https:\/\/www.teraglass.ro\/de\/wp-json\/wp\/v2\/media?parent=9095"}],"wp:term":[{"taxonomy":"product_brand","embeddable":true,"href":"https:\/\/www.teraglass.ro\/de\/wp-json\/wp\/v2\/product_brand?post=9095"},{"taxonomy":"product_cat","embeddable":true,"href":"https:\/\/www.teraglass.ro\/de\/wp-json\/wp\/v2\/product_cat?post=9095"},{"taxonomy":"product_tag","embeddable":true,"href":"https:\/\/www.teraglass.ro\/de\/wp-json\/wp\/v2\/product_tag?post=9095"}],"curies":[{"name":"wp","href":"https:\/\/api.w.org\/{rel}","templated":true}]}}