{"id":9120,"date":"2024-02-27T13:18:52","date_gmt":"2024-02-27T13:18:52","guid":{"rendered":"https:\/\/dev.code-evolution.ro\/teraglass\/produs\/sticla-lowe-economiseste\/"},"modified":"2024-03-12T15:30:16","modified_gmt":"2024-03-12T15:30:16","slug":"lowe-glas-zum-sparen","status":"publish","type":"product","link":"https:\/\/www.teraglass.ro\/de\/produkt\/lowe-glas-zum-sparen\/","title":{"rendered":"LowE &#8211; Glas \u2013 zum Sparen"},"content":{"rendered":"","protected":false},"excerpt":{"rendered":"<div class=\"desc1\">\n<div class=\"single_product_page\">\n<div class=\"container\">\n<div class=\"pageProduct_section2\">\n<p><strong>Das Low-E-Glas,<\/strong>\u00a0mit neutralem Aussehen, f\u00fcr verbesserten Komfort und hohe Energieeffizienz, reduziert den W\u00e4rmeverlust durch die Fenster in der kalten Jahreszeit, jedoch auch den Gewinn oder Verlust von W\u00e4rme durch Reflektierung der Langband- (W\u00e4rme-) Infrarotenergie, wobei das W\u00e4rmeisolationsverm\u00f6gen des Isolierglases verbessert wird.<\/p>\n<p>Der Low-E-Schutz reflektiert die W\u00e4rme (sowohl Sonnen- als auch Umgebungsw\u00e4rme), um Ihr Geb\u00e4ude, B\u00fcro oder Zuhause im Sommer k\u00fchl zu halten und den W\u00e4rmeverlust im Winter zu reduzieren. Ziel dieses Schutzes ist es, den Komfort zu verbessern und gleichzeitig die Kosten zu senken.<\/p>\n<\/div>\n<\/div>\n<\/div>\n<\/div>\n","protected":false},"featured_media":7563,"comment_status":"closed","ping_status":"closed","template":"","meta":[],"product_brand":[],"product_cat":[432,430],"product_tag":[],"class_list":{"0":"post-9120","1":"product","2":"type-product","3":"status-publish","4":"has-post-thumbnail","6":"product_cat-arten-von-glas","7":"product_cat-glas","9":"first","10":"instock","11":"shipping-taxable","12":"product-type-simple"},"_links":{"self":[{"href":"https:\/\/www.teraglass.ro\/de\/wp-json\/wp\/v2\/product\/9120","targetHints":{"allow":["GET"]}}],"collection":[{"href":"https:\/\/www.teraglass.ro\/de\/wp-json\/wp\/v2\/product"}],"about":[{"href":"https:\/\/www.teraglass.ro\/de\/wp-json\/wp\/v2\/types\/product"}],"replies":[{"embeddable":true,"href":"https:\/\/www.teraglass.ro\/de\/wp-json\/wp\/v2\/comments?post=9120"}],"version-history":[{"count":2,"href":"https:\/\/www.teraglass.ro\/de\/wp-json\/wp\/v2\/product\/9120\/revisions"}],"predecessor-version":[{"id":9128,"href":"https:\/\/www.teraglass.ro\/de\/wp-json\/wp\/v2\/product\/9120\/revisions\/9128"}],"wp:featuredmedia":[{"embeddable":true,"href":"https:\/\/www.teraglass.ro\/de\/wp-json\/wp\/v2\/media\/7563"}],"wp:attachment":[{"href":"https:\/\/www.teraglass.ro\/de\/wp-json\/wp\/v2\/media?parent=9120"}],"wp:term":[{"taxonomy":"product_brand","embeddable":true,"href":"https:\/\/www.teraglass.ro\/de\/wp-json\/wp\/v2\/product_brand?post=9120"},{"taxonomy":"product_cat","embeddable":true,"href":"https:\/\/www.teraglass.ro\/de\/wp-json\/wp\/v2\/product_cat?post=9120"},{"taxonomy":"product_tag","embeddable":true,"href":"https:\/\/www.teraglass.ro\/de\/wp-json\/wp\/v2\/product_tag?post=9120"}],"curies":[{"name":"wp","href":"https:\/\/api.w.org\/{rel}","templated":true}]}}