{"id":9157,"date":"2024-02-27T13:22:33","date_gmt":"2024-02-27T11:22:33","guid":{"rendered":"https:\/\/dev.code-evolution.ro\/teraglass\/produs\/obloane\/"},"modified":"2024-03-12T15:44:58","modified_gmt":"2024-03-12T15:44:58","slug":"fensterlaeden","status":"publish","type":"product","link":"https:\/\/www.teraglass.ro\/de\/produkt\/fensterlaeden\/","title":{"rendered":"Fensterl\u00e4den"},"content":{"rendered":"\t\t<div data-elementor-type=\"wp-post\" data-elementor-id=\"9157\" class=\"elementor elementor-9157 elementor-5117\">\n\t\t\t\t<div class=\"wd-negative-gap elementor-element elementor-element-9c84c9b wd-section-stretch e-flex e-con-boxed e-con e-parent\" data-id=\"9c84c9b\" data-element_type=\"container\" data-e-type=\"container\" data-settings=\"{&quot;background_background&quot;:&quot;classic&quot;}\">\n\t\t\t\t\t<div class=\"e-con-inner\">\n\t\t\t\t<div class=\"elementor-element elementor-element-93fd759 wd-width-100 elementor-widget elementor-widget-wd_title\" data-id=\"93fd759\" data-element_type=\"widget\" data-e-type=\"widget\" data-widget_type=\"wd_title.default\">\n\t\t\t\t<div class=\"elementor-widget-container\">\n\t\t\t\t\t\t\t<div class=\"title-wrapper wd-set-mb reset-last-child wd-title-color-primary wd-title-style-default wd-title-size-large text-left\">\n\n\t\t\t\n\t\t\t<div class=\"liner-continer\">\n\t\t\t\t<h4 class=\"woodmart-title-container title wd-fontsize-xxl\">Farben<\/h4> \n\t\t\t\t\t\t\t<\/div>\n\n\t\t\t\t\t<\/div>\n\t\t\t\t\t\t<\/div>\n\t\t\t\t<\/div>\n\t\t\t\t<div class=\"elementor-element elementor-element-aa494bb gallery-spacing-custom elementor-widget elementor-widget-image-gallery\" data-id=\"aa494bb\" data-element_type=\"widget\" data-e-type=\"widget\" data-widget_type=\"image-gallery.default\">\n\t\t\t\t<div class=\"elementor-widget-container\">\n\t\t\t\t\t\t\t<div class=\"elementor-image-gallery\">\n\t\t\t\n\t\t<style type=\"text\/css\">\n\t\t\t#gallery-1 {\n\t\t\t\tmargin: auto;\n\t\t\t}\n\t\t\t#gallery-1 .gallery-item {\n\t\t\t\tfloat: left;\n\t\t\t\tmargin-top: 10px;\n\t\t\t\ttext-align: center;\n\t\t\t\twidth: 10%;\n\t\t\t}\n\t\t\t#gallery-1 img {\n\t\t\t\tborder: 2px solid #cfcfcf;\n\t\t\t}\n\t\t\t#gallery-1 .gallery-caption {\n\t\t\t\tmargin-left: 0;\n\t\t\t}\n\t\t\t\/* see gallery_shortcode() in wp-includes\/media.php *\/\n\t\t<\/style>\n\t\t<div id='gallery-1' class='gallery galleryid-9157 gallery-columns-10 gallery-size-thumbnail'><dl class='gallery-item'>\n\t\t\t<dt class='gallery-icon landscape'>\n\t\t\t\t<img width=\"150\" height=\"150\" src=\"https:\/\/www.teraglass.ro\/wp-content\/uploads\/2024\/02\/22-377-150x150.png\" class=\"attachment-thumbnail size-thumbnail\" alt=\"\" decoding=\"async\" loading=\"lazy\" srcset=\"https:\/\/www.teraglass.ro\/wp-content\/uploads\/2024\/02\/22-377-150x150.png 150w, https:\/\/www.teraglass.ro\/wp-content\/uploads\/2024\/02\/22-377.png 287w\" sizes=\"auto, (max-width: 150px) 100vw, 150px\" \/>\n\t\t\t<\/dt><\/dl><dl class='gallery-item'>\n\t\t\t<dt class='gallery-icon landscape'>\n\t\t\t\t<img width=\"150\" height=\"150\" src=\"https:\/\/www.teraglass.ro\/wp-content\/uploads\/2024\/02\/20-375-150x150.png\" class=\"attachment-thumbnail size-thumbnail\" alt=\"\" decoding=\"async\" loading=\"lazy\" srcset=\"https:\/\/www.teraglass.ro\/wp-content\/uploads\/2024\/02\/20-375-150x150.png 150w, https:\/\/www.teraglass.ro\/wp-content\/uploads\/2024\/02\/20-375.png 287w\" sizes=\"auto, (max-width: 150px) 100vw, 150px\" \/>\n\t\t\t<\/dt><\/dl><dl class='gallery-item'>\n\t\t\t<dt class='gallery-icon portrait'>\n\t\t\t\t<img width=\"150\" height=\"150\" src=\"https:\/\/www.teraglass.ro\/wp-content\/uploads\/2024\/02\/19-374-150x150.png\" class=\"attachment-thumbnail size-thumbnail\" alt=\"\" decoding=\"async\" loading=\"lazy\" srcset=\"https:\/\/www.teraglass.ro\/wp-content\/uploads\/2024\/02\/19-374-150x151.png 150w, https:\/\/www.teraglass.ro\/wp-content\/uploads\/2024\/02\/19-374.png 286w\" sizes=\"auto, (max-width: 150px) 100vw, 150px\" \/>\n\t\t\t<\/dt><\/dl><dl class='gallery-item'>\n\t\t\t<dt class='gallery-icon landscape'>\n\t\t\t\t<img width=\"150\" height=\"150\" src=\"https:\/\/www.teraglass.ro\/wp-content\/uploads\/2024\/02\/17-372-150x150.png\" class=\"attachment-thumbnail size-thumbnail\" alt=\"\" decoding=\"async\" loading=\"lazy\" srcset=\"https:\/\/www.teraglass.ro\/wp-content\/uploads\/2024\/02\/17-372-150x150.png 150w, https:\/\/www.teraglass.ro\/wp-content\/uploads\/2024\/02\/17-372.png 287w\" sizes=\"auto, (max-width: 150px) 100vw, 150px\" \/>\n\t\t\t<\/dt><\/dl><dl class='gallery-item'>\n\t\t\t<dt class='gallery-icon landscape'>\n\t\t\t\t<img width=\"150\" height=\"150\" src=\"https:\/\/www.teraglass.ro\/wp-content\/uploads\/2024\/02\/16-371-150x150.png\" class=\"attachment-thumbnail size-thumbnail\" alt=\"\" decoding=\"async\" loading=\"lazy\" srcset=\"https:\/\/www.teraglass.ro\/wp-content\/uploads\/2024\/02\/16-371-150x150.png 150w, https:\/\/www.teraglass.ro\/wp-content\/uploads\/2024\/02\/16-371.png 287w\" sizes=\"auto, (max-width: 150px) 100vw, 150px\" \/>\n\t\t\t<\/dt><\/dl><dl class='gallery-item'>\n\t\t\t<dt class='gallery-icon landscape'>\n\t\t\t\t<img width=\"150\" height=\"150\" src=\"https:\/\/www.teraglass.ro\/wp-content\/uploads\/2024\/02\/16-370-150x150.png\" class=\"attachment-thumbnail size-thumbnail\" alt=\"\" decoding=\"async\" loading=\"lazy\" srcset=\"https:\/\/www.teraglass.ro\/wp-content\/uploads\/2024\/02\/16-370-150x150.png 150w, https:\/\/www.teraglass.ro\/wp-content\/uploads\/2024\/02\/16-370.png 287w\" sizes=\"auto, (max-width: 150px) 100vw, 150px\" \/>\n\t\t\t<\/dt><\/dl><dl class='gallery-item'>\n\t\t\t<dt class='gallery-icon landscape'>\n\t\t\t\t<img width=\"150\" height=\"150\" src=\"https:\/\/www.teraglass.ro\/wp-content\/uploads\/2024\/02\/15-369-150x150.png\" class=\"attachment-thumbnail size-thumbnail\" alt=\"\" decoding=\"async\" loading=\"lazy\" srcset=\"https:\/\/www.teraglass.ro\/wp-content\/uploads\/2024\/02\/15-369-150x150.png 150w, https:\/\/www.teraglass.ro\/wp-content\/uploads\/2024\/02\/15-369.png 287w\" sizes=\"auto, (max-width: 150px) 100vw, 150px\" \/>\n\t\t\t<\/dt><\/dl><dl class='gallery-item'>\n\t\t\t<dt class='gallery-icon portrait'>\n\t\t\t\t<img width=\"150\" height=\"150\" src=\"https:\/\/www.teraglass.ro\/wp-content\/uploads\/2024\/02\/14-368-150x150.png\" class=\"attachment-thumbnail size-thumbnail\" alt=\"\" decoding=\"async\" loading=\"lazy\" srcset=\"https:\/\/www.teraglass.ro\/wp-content\/uploads\/2024\/02\/14-368-150x151.png 150w, https:\/\/www.teraglass.ro\/wp-content\/uploads\/2024\/02\/14-368.png 286w\" sizes=\"auto, (max-width: 150px) 100vw, 150px\" \/>\n\t\t\t<\/dt><\/dl><dl class='gallery-item'>\n\t\t\t<dt class='gallery-icon landscape'>\n\t\t\t\t<img width=\"150\" height=\"150\" src=\"https:\/\/www.teraglass.ro\/wp-content\/uploads\/2024\/02\/13-367-150x150.png\" class=\"attachment-thumbnail size-thumbnail\" alt=\"\" decoding=\"async\" loading=\"lazy\" srcset=\"https:\/\/www.teraglass.ro\/wp-content\/uploads\/2024\/02\/13-367-150x150.png 150w, https:\/\/www.teraglass.ro\/wp-content\/uploads\/2024\/02\/13-367.png 287w\" sizes=\"auto, (max-width: 150px) 100vw, 150px\" \/>\n\t\t\t<\/dt><\/dl><dl class='gallery-item'>\n\t\t\t<dt class='gallery-icon portrait'>\n\t\t\t\t<img width=\"150\" height=\"150\" src=\"https:\/\/www.teraglass.ro\/wp-content\/uploads\/2024\/02\/12-366-150x150.png\" class=\"attachment-thumbnail size-thumbnail\" alt=\"\" decoding=\"async\" loading=\"lazy\" srcset=\"https:\/\/www.teraglass.ro\/wp-content\/uploads\/2024\/02\/12-366-150x151.png 150w, https:\/\/www.teraglass.ro\/wp-content\/uploads\/2024\/02\/12-366.png 286w\" sizes=\"auto, (max-width: 150px) 100vw, 150px\" \/>\n\t\t\t<\/dt><\/dl><br style=\"clear: both\" \/><dl class='gallery-item'>\n\t\t\t<dt class='gallery-icon landscape'>\n\t\t\t\t<img width=\"150\" height=\"150\" src=\"https:\/\/www.teraglass.ro\/wp-content\/uploads\/2024\/02\/11-365-150x150.png\" class=\"attachment-thumbnail size-thumbnail\" alt=\"\" decoding=\"async\" loading=\"lazy\" srcset=\"https:\/\/www.teraglass.ro\/wp-content\/uploads\/2024\/02\/11-365-150x150.png 150w, https:\/\/www.teraglass.ro\/wp-content\/uploads\/2024\/02\/11-365.png 287w\" sizes=\"auto, (max-width: 150px) 100vw, 150px\" \/>\n\t\t\t<\/dt><\/dl><dl class='gallery-item'>\n\t\t\t<dt class='gallery-icon landscape'>\n\t\t\t\t<img width=\"150\" height=\"150\" src=\"https:\/\/www.teraglass.ro\/wp-content\/uploads\/2024\/02\/10-364-150x150.png\" class=\"attachment-thumbnail size-thumbnail\" alt=\"\" decoding=\"async\" loading=\"lazy\" srcset=\"https:\/\/www.teraglass.ro\/wp-content\/uploads\/2024\/02\/10-364-150x150.png 150w, https:\/\/www.teraglass.ro\/wp-content\/uploads\/2024\/02\/10-364.png 287w\" sizes=\"auto, (max-width: 150px) 100vw, 150px\" \/>\n\t\t\t<\/dt><\/dl><dl class='gallery-item'>\n\t\t\t<dt class='gallery-icon landscape'>\n\t\t\t\t<img width=\"150\" height=\"150\" src=\"https:\/\/www.teraglass.ro\/wp-content\/uploads\/2024\/02\/9-363-150x150.png\" class=\"attachment-thumbnail size-thumbnail\" alt=\"\" decoding=\"async\" loading=\"lazy\" srcset=\"https:\/\/www.teraglass.ro\/wp-content\/uploads\/2024\/02\/9-363-150x150.png 150w, https:\/\/www.teraglass.ro\/wp-content\/uploads\/2024\/02\/9-363.png 287w\" sizes=\"auto, (max-width: 150px) 100vw, 150px\" \/>\n\t\t\t<\/dt><\/dl><dl class='gallery-item'>\n\t\t\t<dt class='gallery-icon portrait'>\n\t\t\t\t<img width=\"150\" height=\"150\" src=\"https:\/\/www.teraglass.ro\/wp-content\/uploads\/2024\/02\/7-362-150x150.png\" class=\"attachment-thumbnail size-thumbnail\" alt=\"\" decoding=\"async\" loading=\"lazy\" srcset=\"https:\/\/www.teraglass.ro\/wp-content\/uploads\/2024\/02\/7-362-150x151.png 150w, https:\/\/www.teraglass.ro\/wp-content\/uploads\/2024\/02\/7-362.png 286w\" sizes=\"auto, (max-width: 150px) 100vw, 150px\" \/>\n\t\t\t<\/dt><\/dl><dl class='gallery-item'>\n\t\t\t<dt class='gallery-icon landscape'>\n\t\t\t\t<img width=\"150\" height=\"150\" src=\"https:\/\/www.teraglass.ro\/wp-content\/uploads\/2024\/02\/6-361-150x150.png\" class=\"attachment-thumbnail size-thumbnail\" alt=\"\" decoding=\"async\" loading=\"lazy\" srcset=\"https:\/\/www.teraglass.ro\/wp-content\/uploads\/2024\/02\/6-361-150x150.png 150w, https:\/\/www.teraglass.ro\/wp-content\/uploads\/2024\/02\/6-361.png 287w\" sizes=\"auto, (max-width: 150px) 100vw, 150px\" \/>\n\t\t\t<\/dt><\/dl><dl class='gallery-item'>\n\t\t\t<dt class='gallery-icon portrait'>\n\t\t\t\t<img width=\"150\" height=\"150\" src=\"https:\/\/www.teraglass.ro\/wp-content\/uploads\/2024\/02\/5-360-150x150.png\" class=\"attachment-thumbnail size-thumbnail\" alt=\"\" decoding=\"async\" loading=\"lazy\" srcset=\"https:\/\/www.teraglass.ro\/wp-content\/uploads\/2024\/02\/5-360-150x151.png 150w, https:\/\/www.teraglass.ro\/wp-content\/uploads\/2024\/02\/5-360.png 286w\" sizes=\"auto, (max-width: 150px) 100vw, 150px\" \/>\n\t\t\t<\/dt><\/dl><dl class='gallery-item'>\n\t\t\t<dt class='gallery-icon landscape'>\n\t\t\t\t<img width=\"150\" height=\"150\" src=\"https:\/\/www.teraglass.ro\/wp-content\/uploads\/2024\/02\/4-359-150x150.png\" class=\"attachment-thumbnail size-thumbnail\" alt=\"\" decoding=\"async\" loading=\"lazy\" srcset=\"https:\/\/www.teraglass.ro\/wp-content\/uploads\/2024\/02\/4-359-150x150.png 150w, https:\/\/www.teraglass.ro\/wp-content\/uploads\/2024\/02\/4-359.png 287w\" sizes=\"auto, (max-width: 150px) 100vw, 150px\" \/>\n\t\t\t<\/dt><\/dl><dl class='gallery-item'>\n\t\t\t<dt class='gallery-icon landscape'>\n\t\t\t\t<img width=\"150\" height=\"150\" src=\"https:\/\/www.teraglass.ro\/wp-content\/uploads\/2024\/02\/2-358-150x150.png\" class=\"attachment-thumbnail size-thumbnail\" alt=\"\" decoding=\"async\" loading=\"lazy\" srcset=\"https:\/\/www.teraglass.ro\/wp-content\/uploads\/2024\/02\/2-358-150x150.png 150w, https:\/\/www.teraglass.ro\/wp-content\/uploads\/2024\/02\/2-358.png 287w\" sizes=\"auto, (max-width: 150px) 100vw, 150px\" \/>\n\t\t\t<\/dt><\/dl><dl class='gallery-item'>\n\t\t\t<dt class='gallery-icon landscape'>\n\t\t\t\t<img width=\"150\" height=\"150\" src=\"https:\/\/www.teraglass.ro\/wp-content\/uploads\/2024\/02\/2-357-150x150.png\" class=\"attachment-thumbnail size-thumbnail\" alt=\"\" decoding=\"async\" loading=\"lazy\" srcset=\"https:\/\/www.teraglass.ro\/wp-content\/uploads\/2024\/02\/2-357-150x150.png 150w, https:\/\/www.teraglass.ro\/wp-content\/uploads\/2024\/02\/2-357.png 287w\" sizes=\"auto, (max-width: 150px) 100vw, 150px\" \/>\n\t\t\t<\/dt><\/dl><dl class='gallery-item'>\n\t\t\t<dt class='gallery-icon portrait'>\n\t\t\t\t<img width=\"150\" height=\"150\" src=\"https:\/\/www.teraglass.ro\/wp-content\/uploads\/2024\/02\/1-356-150x150.png\" class=\"attachment-thumbnail size-thumbnail\" alt=\"\" decoding=\"async\" loading=\"lazy\" srcset=\"https:\/\/www.teraglass.ro\/wp-content\/uploads\/2024\/02\/1-356-150x150.png 150w, https:\/\/www.teraglass.ro\/wp-content\/uploads\/2024\/02\/1-356-600x600.png 600w\" sizes=\"auto, (max-width: 150px) 100vw, 150px\" \/>\n\t\t\t<\/dt><\/dl><br style=\"clear: both\" \/>\n\t\t<\/div>\n\t\t<\/div>\n\t\t\t\t\t\t<\/div>\n\t\t\t\t<\/div>\n\t\t\t\t\t<\/div>\n\t\t\t\t<\/div>\n\t\t\t\t<\/div>\n\t\t","protected":false},"excerpt":{"rendered":"<p>TeraGlass-Fensterl\u00e4den verbessern die Leistung der W\u00e4rmed\u00e4mmschreinerei und bieten ein hohes Ma\u00df an Privatsph\u00e4re f\u00fcr Ihr Zuhause. Dar\u00fcber hinaus erh\u00f6hen sie die Sicherheit und den Schutz vor Hitze oder Frost.<\/p>\n<p>Das TeraGlass-Angebot umfasst auch hochwertige Fensterl\u00e4den f\u00fcr Au\u00dfenfenster. Sie sind in verschiedenen Farben erh\u00e4ltlich und bestehen aus PVC oder Aluminium. Sie bieten zus\u00e4tzlichen Schutz f\u00fcr Ihr Zuhause.<\/p>\n","protected":false},"featured_media":7607,"comment_status":"closed","ping_status":"closed","template":"","meta":[],"product_brand":[],"product_cat":[317,301],"product_tag":[],"class_list":{"0":"post-9157","1":"product","2":"type-product","3":"status-publish","4":"has-post-thumbnail","6":"product_cat-teraglass-protect-de","7":"product_cat-zubehor","9":"first","10":"instock","11":"shipping-taxable","12":"product-type-simple"},"_links":{"self":[{"href":"https:\/\/www.teraglass.ro\/de\/wp-json\/wp\/v2\/product\/9157","targetHints":{"allow":["GET"]}}],"collection":[{"href":"https:\/\/www.teraglass.ro\/de\/wp-json\/wp\/v2\/product"}],"about":[{"href":"https:\/\/www.teraglass.ro\/de\/wp-json\/wp\/v2\/types\/product"}],"replies":[{"embeddable":true,"href":"https:\/\/www.teraglass.ro\/de\/wp-json\/wp\/v2\/comments?post=9157"}],"version-history":[{"count":5,"href":"https:\/\/www.teraglass.ro\/de\/wp-json\/wp\/v2\/product\/9157\/revisions"}],"predecessor-version":[{"id":9175,"href":"https:\/\/www.teraglass.ro\/de\/wp-json\/wp\/v2\/product\/9157\/revisions\/9175"}],"wp:featuredmedia":[{"embeddable":true,"href":"https:\/\/www.teraglass.ro\/de\/wp-json\/wp\/v2\/media\/7607"}],"wp:attachment":[{"href":"https:\/\/www.teraglass.ro\/de\/wp-json\/wp\/v2\/media?parent=9157"}],"wp:term":[{"taxonomy":"product_brand","embeddable":true,"href":"https:\/\/www.teraglass.ro\/de\/wp-json\/wp\/v2\/product_brand?post=9157"},{"taxonomy":"product_cat","embeddable":true,"href":"https:\/\/www.teraglass.ro\/de\/wp-json\/wp\/v2\/product_cat?post=9157"},{"taxonomy":"product_tag","embeddable":true,"href":"https:\/\/www.teraglass.ro\/de\/wp-json\/wp\/v2\/product_tag?post=9157"}],"curies":[{"name":"wp","href":"https:\/\/api.w.org\/{rel}","templated":true}]}}