{"id":9283,"date":"2024-02-27T13:43:10","date_gmt":"2024-02-27T13:43:10","guid":{"rendered":"https:\/\/dev.code-evolution.ro\/teraglass\/produs\/plase-impotriva-insectelor-aluminiu\/"},"modified":"2024-03-12T16:25:54","modified_gmt":"2024-03-12T16:25:54","slug":"insektennetze-aluminium","status":"publish","type":"product","link":"https:\/\/www.teraglass.ro\/de\/produkt\/insektennetze-aluminium\/","title":{"rendered":"Insektennetze &#8211; Aluminium"},"content":{"rendered":"","protected":false},"excerpt":{"rendered":"<div class=\"desc1\">\n<div class=\"single_product_page\">\n<div class=\"container\">\n<div class=\"pageProduct_section2\">\n<div class=\"single_product_page\">\n<div class=\"container\">\n<div class=\"pageProduct_section2\">\n<div class=\"single_product_page\">\n<div class=\"container\">\n<div class=\"pageProduct_section2\">\n<div class=\"single_product_page\">\n<div class=\"container\">\n<div class=\"pageProduct_section2\">Insektenschutznetze sind n\u00fctzlich, weil sie aufgrund der Netzdichte einen maximalen Schutz gegen Insekten bieten, aber auch weil sie einen permanenten Luftaustausch zwischen Innen und Au\u00dfen erm\u00f6glichen.<\/div>\n<div><strong>Das M850 ist ein System, <\/strong>das f\u00fcr alle m\u00f6glichen Anwendungen geeignet ist (fix, beweglich, gleitend oder h\u00e4ngend).<\/div>\n<\/div>\n<\/div>\n<\/div>\n<\/div>\n<\/div>\n<\/div>\n<\/div>\n<\/div>\n<\/div>\n<\/div>\n<\/div>\n<\/div>\n","protected":false},"featured_media":7831,"comment_status":"closed","ping_status":"closed","template":"","meta":[],"product_brand":[],"product_cat":[313,304,301],"product_tag":[],"class_list":{"0":"post-9283","1":"product","2":"type-product","3":"status-publish","4":"has-post-thumbnail","6":"product_cat-fur-aluminiumsysteme","7":"product_cat-teraglass-plus-de","8":"product_cat-zubehor","10":"first","11":"instock","12":"shipping-taxable","13":"product-type-simple"},"_links":{"self":[{"href":"https:\/\/www.teraglass.ro\/de\/wp-json\/wp\/v2\/product\/9283","targetHints":{"allow":["GET"]}}],"collection":[{"href":"https:\/\/www.teraglass.ro\/de\/wp-json\/wp\/v2\/product"}],"about":[{"href":"https:\/\/www.teraglass.ro\/de\/wp-json\/wp\/v2\/types\/product"}],"replies":[{"embeddable":true,"href":"https:\/\/www.teraglass.ro\/de\/wp-json\/wp\/v2\/comments?post=9283"}],"version-history":[{"count":3,"href":"https:\/\/www.teraglass.ro\/de\/wp-json\/wp\/v2\/product\/9283\/revisions"}],"predecessor-version":[{"id":9292,"href":"https:\/\/www.teraglass.ro\/de\/wp-json\/wp\/v2\/product\/9283\/revisions\/9292"}],"wp:featuredmedia":[{"embeddable":true,"href":"https:\/\/www.teraglass.ro\/de\/wp-json\/wp\/v2\/media\/7831"}],"wp:attachment":[{"href":"https:\/\/www.teraglass.ro\/de\/wp-json\/wp\/v2\/media?parent=9283"}],"wp:term":[{"taxonomy":"product_brand","embeddable":true,"href":"https:\/\/www.teraglass.ro\/de\/wp-json\/wp\/v2\/product_brand?post=9283"},{"taxonomy":"product_cat","embeddable":true,"href":"https:\/\/www.teraglass.ro\/de\/wp-json\/wp\/v2\/product_cat?post=9283"},{"taxonomy":"product_tag","embeddable":true,"href":"https:\/\/www.teraglass.ro\/de\/wp-json\/wp\/v2\/product_tag?post=9283"}],"curies":[{"name":"wp","href":"https:\/\/api.w.org\/{rel}","templated":true}]}}