{"id":8995,"date":"2024-02-27T12:57:30","date_gmt":"2024-02-27T12:57:30","guid":{"rendered":"https:\/\/dev.code-evolution.ro\/teraglass\/produs\/geometry-s350\/"},"modified":"2024-03-15T21:01:04","modified_gmt":"2024-03-15T21:01:04","slug":"geometry-s350","status":"publish","type":"product","link":"https:\/\/www.teraglass.ro\/fr\/produit\/geometry-s350\/","title":{"rendered":"Geometry+ S350"},"content":{"rendered":"","protected":false},"excerpt":{"rendered":"<p>Syst\u00e8me que satisfaisaient tous les exigences architecturales modernes, id\u00e9al pour les b\u00e2timents avec une architecture sp\u00e9ciale. Il est le plus recommand\u00e9 lors du remplacement de l&rsquo;ancienne menuiserie.<\/p>\n","protected":false},"featured_media":7294,"comment_status":"closed","ping_status":"closed","template":"","meta":[],"product_brand":[],"product_cat":[320,328],"product_tag":[],"class_list":{"0":"post-8995","1":"product","2":"type-product","3":"status-publish","4":"has-post-thumbnail","6":"product_cat-facades-et-terrasses","7":"product_cat-teraglass-culiseo-fr","9":"first","10":"instock","11":"shipping-taxable","12":"product-type-simple"},"_links":{"self":[{"href":"https:\/\/www.teraglass.ro\/fr\/wp-json\/wp\/v2\/product\/8995","targetHints":{"allow":["GET"]}}],"collection":[{"href":"https:\/\/www.teraglass.ro\/fr\/wp-json\/wp\/v2\/product"}],"about":[{"href":"https:\/\/www.teraglass.ro\/fr\/wp-json\/wp\/v2\/types\/product"}],"replies":[{"embeddable":true,"href":"https:\/\/www.teraglass.ro\/fr\/wp-json\/wp\/v2\/comments?post=8995"}],"version-history":[{"count":3,"href":"https:\/\/www.teraglass.ro\/fr\/wp-json\/wp\/v2\/product\/8995\/revisions"}],"predecessor-version":[{"id":10422,"href":"https:\/\/www.teraglass.ro\/fr\/wp-json\/wp\/v2\/product\/8995\/revisions\/10422"}],"wp:featuredmedia":[{"embeddable":true,"href":"https:\/\/www.teraglass.ro\/fr\/wp-json\/wp\/v2\/media\/7294"}],"wp:attachment":[{"href":"https:\/\/www.teraglass.ro\/fr\/wp-json\/wp\/v2\/media?parent=8995"}],"wp:term":[{"taxonomy":"product_brand","embeddable":true,"href":"https:\/\/www.teraglass.ro\/fr\/wp-json\/wp\/v2\/product_brand?post=8995"},{"taxonomy":"product_cat","embeddable":true,"href":"https:\/\/www.teraglass.ro\/fr\/wp-json\/wp\/v2\/product_cat?post=8995"},{"taxonomy":"product_tag","embeddable":true,"href":"https:\/\/www.teraglass.ro\/fr\/wp-json\/wp\/v2\/product_tag?post=8995"}],"curies":[{"name":"wp","href":"https:\/\/api.w.org\/{rel}","templated":true}]}}