{"id":9069,"date":"2024-02-27T13:09:40","date_gmt":"2024-02-27T13:09:40","guid":{"rendered":"https:\/\/dev.code-evolution.ro\/teraglass\/produs\/sticla-ornamentala\/"},"modified":"2024-03-12T15:12:13","modified_gmt":"2024-03-12T15:12:13","slug":"verre-decoratif","status":"publish","type":"product","link":"https:\/\/www.teraglass.ro\/fr\/produit\/verre-decoratif\/","title":{"rendered":"Verre d\u00e9coratif"},"content":{"rendered":"","protected":false},"excerpt":{"rendered":"<div class=\"desc1\">\n<div class=\"single_product_page\">\n<div class=\"container\">\n<div class=\"pageProduct_section2\">\n<p>Le verre d\u00e9coratif a comme r\u00f4le principale la<strong>\u00a0pr\u00e9servation de l\u2019intimit\u00e9<\/strong>. En outre, il offre un bon facteur de transmission lumineuse, permettant une meilleure illumination de la pi\u00e8ce que le verre r\u00e9fl\u00e9chissante.<\/p>\n<\/div>\n<\/div>\n<\/div>\n<\/div>\n","protected":false},"featured_media":7498,"comment_status":"closed","ping_status":"closed","template":"","meta":[],"product_brand":[],"product_cat":[423,421],"product_tag":[],"class_list":{"0":"post-9069","1":"product","2":"type-product","3":"status-publish","4":"has-post-thumbnail","6":"product_cat-types-de-verre","7":"product_cat-verre","9":"first","10":"instock","11":"shipping-taxable","12":"product-type-simple"},"_links":{"self":[{"href":"https:\/\/www.teraglass.ro\/fr\/wp-json\/wp\/v2\/product\/9069","targetHints":{"allow":["GET"]}}],"collection":[{"href":"https:\/\/www.teraglass.ro\/fr\/wp-json\/wp\/v2\/product"}],"about":[{"href":"https:\/\/www.teraglass.ro\/fr\/wp-json\/wp\/v2\/types\/product"}],"replies":[{"embeddable":true,"href":"https:\/\/www.teraglass.ro\/fr\/wp-json\/wp\/v2\/comments?post=9069"}],"version-history":[{"count":2,"href":"https:\/\/www.teraglass.ro\/fr\/wp-json\/wp\/v2\/product\/9069\/revisions"}],"predecessor-version":[{"id":9077,"href":"https:\/\/www.teraglass.ro\/fr\/wp-json\/wp\/v2\/product\/9069\/revisions\/9077"}],"wp:featuredmedia":[{"embeddable":true,"href":"https:\/\/www.teraglass.ro\/fr\/wp-json\/wp\/v2\/media\/7498"}],"wp:attachment":[{"href":"https:\/\/www.teraglass.ro\/fr\/wp-json\/wp\/v2\/media?parent=9069"}],"wp:term":[{"taxonomy":"product_brand","embeddable":true,"href":"https:\/\/www.teraglass.ro\/fr\/wp-json\/wp\/v2\/product_brand?post=9069"},{"taxonomy":"product_cat","embeddable":true,"href":"https:\/\/www.teraglass.ro\/fr\/wp-json\/wp\/v2\/product_cat?post=9069"},{"taxonomy":"product_tag","embeddable":true,"href":"https:\/\/www.teraglass.ro\/fr\/wp-json\/wp\/v2\/product_tag?post=9069"}],"curies":[{"name":"wp","href":"https:\/\/api.w.org\/{rel}","templated":true}]}}