{"id":9081,"date":"2024-02-27T13:15:19","date_gmt":"2024-02-27T13:15:19","guid":{"rendered":"https:\/\/dev.code-evolution.ro\/teraglass\/produs\/geometry-m19800\/"},"modified":"2024-03-15T21:16:37","modified_gmt":"2024-03-15T21:16:37","slug":"geometrie-m19800","status":"publish","type":"product","link":"https:\/\/www.teraglass.ro\/fr\/produit\/geometrie-m19800\/","title":{"rendered":"G\u00e9om\u00e9trie+ M19800"},"content":{"rendered":"","protected":false},"excerpt":{"rendered":"<p>Proposition \u00e9conomique pour de portes harmoniques, \u00e9tant la version avec rupture de pont thermique.<\/p>\n","protected":false},"featured_media":7538,"comment_status":"closed","ping_status":"closed","template":"","meta":[],"product_brand":[],"product_cat":[320,332],"product_tag":[],"class_list":{"0":"post-9081","1":"product","2":"type-product","3":"status-publish","4":"has-post-thumbnail","6":"product_cat-facades-et-terrasses","7":"product_cat-teraglass-decor-harmonique","9":"first","10":"instock","11":"shipping-taxable","12":"product-type-simple"},"_links":{"self":[{"href":"https:\/\/www.teraglass.ro\/fr\/wp-json\/wp\/v2\/product\/9081","targetHints":{"allow":["GET"]}}],"collection":[{"href":"https:\/\/www.teraglass.ro\/fr\/wp-json\/wp\/v2\/product"}],"about":[{"href":"https:\/\/www.teraglass.ro\/fr\/wp-json\/wp\/v2\/types\/product"}],"replies":[{"embeddable":true,"href":"https:\/\/www.teraglass.ro\/fr\/wp-json\/wp\/v2\/comments?post=9081"}],"version-history":[{"count":3,"href":"https:\/\/www.teraglass.ro\/fr\/wp-json\/wp\/v2\/product\/9081\/revisions"}],"predecessor-version":[{"id":10433,"href":"https:\/\/www.teraglass.ro\/fr\/wp-json\/wp\/v2\/product\/9081\/revisions\/10433"}],"wp:featuredmedia":[{"embeddable":true,"href":"https:\/\/www.teraglass.ro\/fr\/wp-json\/wp\/v2\/media\/7538"}],"wp:attachment":[{"href":"https:\/\/www.teraglass.ro\/fr\/wp-json\/wp\/v2\/media?parent=9081"}],"wp:term":[{"taxonomy":"product_brand","embeddable":true,"href":"https:\/\/www.teraglass.ro\/fr\/wp-json\/wp\/v2\/product_brand?post=9081"},{"taxonomy":"product_cat","embeddable":true,"href":"https:\/\/www.teraglass.ro\/fr\/wp-json\/wp\/v2\/product_cat?post=9081"},{"taxonomy":"product_tag","embeddable":true,"href":"https:\/\/www.teraglass.ro\/fr\/wp-json\/wp\/v2\/product_tag?post=9081"}],"curies":[{"name":"wp","href":"https:\/\/api.w.org\/{rel}","templated":true}]}}