{"id":9182,"date":"2024-02-27T13:27:16","date_gmt":"2024-02-27T13:27:16","guid":{"rendered":"https:\/\/dev.code-evolution.ro\/teraglass\/produs\/rulouri\/"},"modified":"2024-03-12T15:49:23","modified_gmt":"2024-03-12T15:49:23","slug":"volets-roulantes","status":"publish","type":"product","link":"https:\/\/www.teraglass.ro\/fr\/produit\/volets-roulantes\/","title":{"rendered":"Volets roulantes"},"content":{"rendered":"","protected":false},"excerpt":{"rendered":"<p>Les volets roulantes sont la meilleure variante d\u2019augmenter le confort thermique et d\u2019assurer un plus d\u2019intimit\u00e9 et de s\u00fbret\u00e9 pour votre maison.<\/p>\n<p>Selon le type d\u2019installation, elles peuvent \u00eatre:<\/p>\n<p><strong>Appliques<\/strong><\/p>\n<p>Avec plusieurs variantes d&rsquo;entra\u00eenement, types de bo\u00eetes ext\u00e9rieurs (aplati ou ovale) et avec des options anti-effraction ou des moustiquaires int\u00e9gr\u00e9es, ils ne peuvent \u00eatre mont\u00e9s qu&rsquo;apr\u00e8s l&rsquo;installation de la menuiserie thermo-isolante. Le syst\u00e8me d&rsquo;entra\u00eenement peut \u00eatre avec cordon, ruban, manivelle ou ressort (moteur).<\/p>\n<p><strong>Superpos\u00e9s<\/strong><\/p>\n<p>Ce type de volets roulants offre une plus grande r\u00e9sistance thermique, perm\u00e9abilit\u00e9 \u00e0 l&rsquo;air et r\u00e9sistance \u00e0 l&rsquo;abrasion. Avec lames en aluminium, couvert avec un couche double de peinture, elles ont un r\u00f4le de protection et peuvent \u00eatre montes seulement au moment &lsquo;installation de la menuiserie thermo-isolante.<\/p>\n<p>Celles-ci:<\/p>\n<ul>\n<li>Am\u00e9liore l\u2019efficacit\u00e9 thermique pendant la saison froide<\/li>\n<li>Offre une tr\u00e8s bonne isolation acoustique<\/li>\n<li>Aide \u00e0 r\u00e9duire les co\u00fbts de refroidissant la maison pendant la saison chaude en r\u00e9duisant l&rsquo;effet de serre<\/li>\n<li>Offre intimit\u00e9 et confort \u00e9lev\u00e9<\/li>\n<li>Sont disponibles dans une vari\u00e9t\u00e9 de couleurs<\/li>\n<li>Ont un r\u00f4le anti-effraction<\/li>\n<\/ul>\n<p>Selon le mat\u00e9riau utilis\u00e9, TeraGlass vous offre des rouleaux en aluminium ou en PVC, qui peuvent \u00eatre utilis\u00e9s \u00e0 la fois pour les maisons individuelles et les bureaux.<\/p>\n","protected":false},"featured_media":7694,"comment_status":"closed","ping_status":"closed","template":"","meta":[],"product_brand":[],"product_cat":[300,315],"product_tag":[],"class_list":{"0":"post-9182","1":"product","2":"type-product","3":"status-publish","4":"has-post-thumbnail","6":"product_cat-accessoires","7":"product_cat-teraglass-protect-fr","9":"first","10":"instock","11":"shipping-taxable","12":"product-type-simple"},"_links":{"self":[{"href":"https:\/\/www.teraglass.ro\/fr\/wp-json\/wp\/v2\/product\/9182","targetHints":{"allow":["GET"]}}],"collection":[{"href":"https:\/\/www.teraglass.ro\/fr\/wp-json\/wp\/v2\/product"}],"about":[{"href":"https:\/\/www.teraglass.ro\/fr\/wp-json\/wp\/v2\/types\/product"}],"replies":[{"embeddable":true,"href":"https:\/\/www.teraglass.ro\/fr\/wp-json\/wp\/v2\/comments?post=9182"}],"version-history":[{"count":2,"href":"https:\/\/www.teraglass.ro\/fr\/wp-json\/wp\/v2\/product\/9182\/revisions"}],"predecessor-version":[{"id":9190,"href":"https:\/\/www.teraglass.ro\/fr\/wp-json\/wp\/v2\/product\/9182\/revisions\/9190"}],"wp:featuredmedia":[{"embeddable":true,"href":"https:\/\/www.teraglass.ro\/fr\/wp-json\/wp\/v2\/media\/7694"}],"wp:attachment":[{"href":"https:\/\/www.teraglass.ro\/fr\/wp-json\/wp\/v2\/media?parent=9182"}],"wp:term":[{"taxonomy":"product_brand","embeddable":true,"href":"https:\/\/www.teraglass.ro\/fr\/wp-json\/wp\/v2\/product_brand?post=9182"},{"taxonomy":"product_cat","embeddable":true,"href":"https:\/\/www.teraglass.ro\/fr\/wp-json\/wp\/v2\/product_cat?post=9182"},{"taxonomy":"product_tag","embeddable":true,"href":"https:\/\/www.teraglass.ro\/fr\/wp-json\/wp\/v2\/product_tag?post=9182"}],"curies":[{"name":"wp","href":"https:\/\/api.w.org\/{rel}","templated":true}]}}